{"id":14,"date":"2024-05-29T06:53:53","date_gmt":"2024-05-29T06:53:53","guid":{"rendered":"https:\/\/wagold.drama-slayer.com\/fr\/?page_id=14"},"modified":"2024-05-29T06:59:31","modified_gmt":"2024-05-29T06:59:31","slug":"telecharger-whatsapp-dahabi-2024","status":"publish","type":"page","link":"https:\/\/wagold.drama-slayer.com\/fr\/","title":{"rendered":"telecharger whatsapp dahabi 2024 &#8211; whatsapp gold"},"content":{"rendered":"<p><strong>telecharger whatsapp dahabi\u00a0<\/strong> \u2013 Abou Arab sans interdiction, l&#8217;original ancien 2024 WhatsApp Gold pour la messagerie est consid\u00e9r\u00e9 comme l&#8217;une des meilleures versions disponibles \u00e0 notre \u00e9poque. C&#8217;est une version modifi\u00e9e et enrichie de nombreuses fonctionnalit\u00e9s qui r\u00e9pondent aux exigences des utilisateurs. Cette version s&#8217;est r\u00e9pandue tr\u00e8s largement dans le monde entier, car elle est compatible avec tous les types de t\u00e9l\u00e9phones, qu&#8217;il s&#8217;agisse d&#8217;Android, d&#8217;iPhone, de Xiaomi, de BlackBerry ou d&#8217;autres marques. Beaucoup de gens se posent des questions sur cette version dor\u00e9e de WhatsApp et sur ce qui la distingue des autres versions, c&#8217;est pourquoi nous en parlerons en d\u00e9tail dans cet article.<\/p>\n<p><img loading=\"lazy\" decoding=\"async\" class=\"size-full wp-image-12 aligncenter\" src=\"https:\/\/wagold.drama-slayer.com\/fr\/wp-content\/uploads\/2024\/05\/\u0648\u0627\u062a\u0633\u0627\u0628-\u0627\u0644\u0630\u0647\u0628\u064a2-300x300-1.png\" alt=\"\" width=\"300\" height=\"300\" srcset=\"https:\/\/wagold.drama-slayer.com\/fr\/wp-content\/uploads\/2024\/05\/\u0648\u0627\u062a\u0633\u0627\u0628-\u0627\u0644\u0630\u0647\u0628\u064a2-300x300-1.png 300w, https:\/\/wagold.drama-slayer.com\/fr\/wp-content\/uploads\/2024\/05\/\u0648\u0627\u062a\u0633\u0627\u0628-\u0627\u0644\u0630\u0647\u0628\u064a2-300x300-1-150x150.png 150w, https:\/\/wagold.drama-slayer.com\/fr\/wp-content\/uploads\/2024\/05\/\u0648\u0627\u062a\u0633\u0627\u0628-\u0627\u0644\u0630\u0647\u0628\u064a2-300x300-1-55x55.png 55w, https:\/\/wagold.drama-slayer.com\/fr\/wp-content\/uploads\/2024\/05\/\u0648\u0627\u062a\u0633\u0627\u0628-\u0627\u0644\u0630\u0647\u0628\u064a2-300x300-1-85x85.png 85w\" sizes=\"auto, (max-width: 300px) 100vw, 300px\" \/><\/p>\n<h2><strong>T\u00e9l\u00e9charger WhatsApp Gold 2024 | L&#8217;ancienne et originale version de WhatsApp Gold<\/strong><\/h2>\n<p>Le t\u00e9l\u00e9chargement de WhatsApp Gold Abou Arab est l&#8217;une des versions modifi\u00e9es et enti\u00e8rement s\u00e9curis\u00e9es contre toute interdiction, car :<\/p>\n<ul>\n<li>WhatsApp Gold (version V 22) est totalement gratuit et a \u00e9t\u00e9 mis \u00e0 jour le 17 mai 2023 avec une excellente performance.<\/li>\n<li>De plus, il occupe tr\u00e8s peu d&#8217;espace, ce qui le rend compatible avec diff\u00e9rents types de t\u00e9l\u00e9phones, ce qui est particuli\u00e8rement avantageux pour les anciens mod\u00e8les Android.<\/li>\n<li>WhatsApp Gold est mis \u00e0 jour en continu pour r\u00e9soudre les probl\u00e8mes rencontr\u00e9s par les utilisateurs et ajouter des fonctionnalit\u00e9s contemporaines.<\/li>\n<li>Cette version permet de d\u00e9finir automatiquement les statuts avec une dur\u00e9e sup\u00e9rieure \u00e0 la normale, jusqu&#8217;\u00e0 trente secondes, et il est possible de d\u00e9sactiver Internet uniquement pour cette application, sans affecter les autres.<\/li>\n<li>Cette version de WhatsApp Gold offre \u00e9galement plusieurs fonctionnalit\u00e9s de confidentialit\u00e9, comme la possibilit\u00e9 de masquer la derni\u00e8re connexion de l&#8217;utilisateur et de contr\u00f4ler la visualisation des statuts.<\/li>\n<li>Elle propose \u00e9galement un enregistrement automatique et la possibilit\u00e9 de r\u00e9ponses automatiques aux messages.<\/li>\n<li>Dans cette version, il est \u00e9galement possible d&#8217;activer le mode nuit uniquement pour cette application et les probl\u00e8mes de th\u00e8mes ont \u00e9t\u00e9 enti\u00e8rement r\u00e9solus.<\/li>\n<li>Vous pouvez t\u00e9l\u00e9charger cette version via le lien.<\/li>\n<\/ul>\n<p style=\"text-align: center;\"><a class=\"shortc-button large green\" href=\"https:\/\/wagold.drama-slayer.com\/wp-content\/uploads\/files\/WhatsApp-Gold-v36.25.apk\">Download APk<\/a><\/p>\n<h2><strong>Caract\u00e9ristiques du t\u00e9l\u00e9chargement de WhatsApp Gold Abou Arab, derni\u00e8re mise \u00e0 jour 2024<\/strong><\/h2>\n<p>La version modifi\u00e9e de WhatsApp Gold offre plusieurs fonctionnalit\u00e9s, notamment :<\/p>\n<ul>\n<li><strong>Utilisation des gestes<\/strong> : Sur WhatsApp Gold, vous pouvez r\u00e9pondre \u00e0 un message en appuyant simplement sur le bouton &#8220;+&#8221;, et vous pouvez liker un message en appuyant plusieurs fois dessus.<\/li>\n<li><strong>Aper\u00e7u des photos<\/strong> : Avec WhatsApp Gold Abou Arab apk, il est possible de visualiser les photos WhatsApp avant de les t\u00e9l\u00e9charger, et de republier les statuts sans les sauvegarder.<\/li>\n<li><strong>Masquer les appels<\/strong> : La mise \u00e0 jour de WhatsApp Gold permet de masquer les appels et de partager des num\u00e9ros de t\u00e9l\u00e9phone sans partager d&#8217;autres informations personnelles.<\/li>\n<li><strong>Envoi de messages de groupe<\/strong> : WhatsApp Gold facilite l&#8217;envoi de messages de groupe avec une grande pr\u00e9cision, en plus d&#8217;\u00e9couter des messages vocaux et de g\u00e9rer les fonds d&#8217;\u00e9cran.<\/li>\n<li><strong>Visualisation des autocollants<\/strong> : Vous pouvez voir les autocollants avant de les envoyer, et cette fonctionnalit\u00e9 peut \u00eatre ajout\u00e9e aux pages de visualisation des messages.<\/li>\n<li><strong>Notifications de changement de photo de profil<\/strong> : Si un ami change sa photo de profil, l&#8217;application envoie une notification, que vous pouvez d\u00e9sactiver dans les param\u00e8tres. Les fichiers non importants peuvent \u00eatre nettoy\u00e9s gr\u00e2ce \u00e0 l&#8217;option de nettoyage.<\/li>\n<li><strong>Transfert de messages<\/strong> : Vous pouvez transf\u00e9rer des messages de discussion \u00e0 jusqu&#8217;\u00e0 200 personnes ou plus. L&#8217;application propose \u00e9galement de nombreux effets esth\u00e9tiques sur son \u00e9cran principal.<\/li>\n<li><strong>D\u00e9filement de l&#8217;\u00e9cran<\/strong> : La version permet le d\u00e9filement vers le haut et vers le bas de l&#8217;\u00e9cran, ainsi que le contr\u00f4le et l&#8217;am\u00e9lioration du bouton flottant de l&#8217;application.<\/li>\n<li><strong>Traduction int\u00e9gr\u00e9e<\/strong> : Une des caract\u00e9ristiques remarquables est la possibilit\u00e9 de communiquer avec des amis du monde entier, m\u00eame avec des dialectes diff\u00e9rents, gr\u00e2ce \u00e0 une fonction de traduction int\u00e9gr\u00e9e.<\/li>\n<li><strong>Correction des probl\u00e8mes de plantage<\/strong> : Les probl\u00e8mes de plantage ont \u00e9t\u00e9 compl\u00e8tement r\u00e9solus dans cette version mise \u00e0 jour.<\/li>\n<li><strong>Choix des sons d&#8217;enregistrement<\/strong> : Sur WhatsApp Gold, vous pouvez choisir parmi diff\u00e9rents sons pour enregistrer des messages vocaux et pr\u00e9visualiser les autocollants avant de les envoyer. Vous pouvez \u00e9galement supprimer les \u00e9mojis t\u00e9l\u00e9charg\u00e9s.<\/li>\n<li><strong>Archivage des messages<\/strong> : Pour les messages que vous souhaitez archiver et masquer des regards indiscrets, l&#8217;archivage est simple : il suffit d&#8217;un appui long et de s\u00e9lectionner l&#8217;option d&#8217;archivage. Les messages archiv\u00e9s peuvent \u00eatre marqu\u00e9s d&#8217;une couleur sp\u00e9cifique au th\u00e8me de l&#8217;application.<\/li>\n<li><strong>T\u00e9l\u00e9chargement des m\u00e9dias<\/strong> : La mise \u00e0 jour a am\u00e9lior\u00e9 le t\u00e9l\u00e9chargement de tout type de m\u00e9dia, \u00e9liminant les probl\u00e8mes ant\u00e9rieurs. Les probl\u00e8mes de connexion du package ont \u00e9galement \u00e9t\u00e9 r\u00e9solus.<\/li>\n<li><strong>Param\u00e8tres de t\u00e9l\u00e9chargement automatique<\/strong> : Vous pouvez r\u00e9gler les param\u00e8tres pour t\u00e9l\u00e9charger automatiquement les photos et vid\u00e9os re\u00e7ues sans aucun obstacle.<\/li>\n<li><strong>Nettoyage des donn\u00e9es<\/strong> : WhatsApp Gold permet de nettoyer enti\u00e8rement les donn\u00e9es disponibles sur l&#8217;application sans difficult\u00e9.<\/li>\n<li><strong>S\u00e9curit\u00e9 des conversations<\/strong> : La version permet de modifier l&#8217;apparence des galeries et d&#8217;am\u00e9liorer la s\u00e9curit\u00e9 des discussions en utilisant des empreintes digitales pour les verrouiller, emp\u00eachant tout acc\u00e8s non autoris\u00e9.<\/li>\n<li><strong>Contr\u00f4le de l&#8217;\u00e9tat<\/strong> : Sur certains types de t\u00e9l\u00e9phones portables, il est possible de contr\u00f4ler l&#8217;\u00e9tat \u00e0 l&#8217;aide de la fonction Status Splitter.<\/li>\n<li><strong>Masquage des discussions<\/strong> : Parfois, les utilisateurs souhaitent masquer certaines conversations pour diverses raisons, comme la confidentialit\u00e9 ou pour \u00e9viter de revoir des souvenirs douloureux. Cette fonctionnalit\u00e9 est disponible dans la version dor\u00e9e de WhatsApp et a \u00e9t\u00e9 ajust\u00e9e pour \u00e9liminer tout probl\u00e8me, activable depuis les param\u00e8tres de conversation.<\/li>\n<\/ul>\n<h2><strong>Corrections de la version WhatsApp Gold \u2013 T\u00e9l\u00e9charger WhatsApp Gold<\/strong><\/h2>\n<p>Le t\u00e9l\u00e9chargement de WhatsApp Gold a permis de r\u00e9soudre et de corriger tous les probl\u00e8mes pr\u00e9sents dans les versions pr\u00e9c\u00e9dentes, notamment :<\/p>\n<ul>\n<li><strong>Am\u00e9lioration de l&#8217;\u00e9coute des messages vocaux<\/strong> : Il est d\u00e9sormais possible d&#8217;\u00e9couter tout enregistrement vocal plus rapidement.<\/li>\n<li><strong>Correction du probl\u00e8me de l&#8217;\u00e9cran de verrouillage par motif<\/strong> : Ce probl\u00e8me a \u00e9t\u00e9 compl\u00e8tement r\u00e9solu.<\/li>\n<li><strong>R\u00e9solution des probl\u00e8mes de blocage<\/strong> : Les probl\u00e8mes de blocage de WhatsApp ont \u00e9t\u00e9 totalement \u00e9limin\u00e9s.<\/li>\n<li><strong>Correction des probl\u00e8mes de messages de groupe<\/strong> : Les probl\u00e8mes li\u00e9s aux messages de groupe ont \u00e9galement \u00e9t\u00e9 r\u00e9solus.<\/li>\n<li><strong>Contr\u00f4le de la visibilit\u00e9 des messages<\/strong> : Il est d\u00e9sormais possible de contr\u00f4ler l&#8217;affichage des messages dans les param\u00e8tres si vous ne souhaitez pas les voir.<\/li>\n<li><strong>Masquage des m\u00e9dias<\/strong> : Il est devenu plus facile de masquer des photos ou des vid\u00e9os apr\u00e8s les avoir vues en s\u00e9lectionnant les options d&#8217;envoi.<\/li>\n<li><strong>Probl\u00e8mes de fond d&#8217;\u00e9cran par d\u00e9faut<\/strong> : Les probl\u00e8mes li\u00e9s au fond d&#8217;\u00e9cran par d\u00e9faut de l&#8217;application ont \u00e9t\u00e9 compl\u00e8tement r\u00e9solus.<\/li>\n<li><strong>Retard de r\u00e9ception des messages<\/strong> : Le probl\u00e8me de retard dans la r\u00e9ception des messages par l&#8217;autre partie a \u00e9galement \u00e9t\u00e9 r\u00e9solu.<\/li>\n<li><strong>Options de traduction instantan\u00e9e<\/strong> : Des options pour utiliser des traductions instantan\u00e9es ou Google Translate selon la pr\u00e9f\u00e9rence de l&#8217;utilisateur ont \u00e9t\u00e9 ajout\u00e9es.<\/li>\n<li><strong>Dur\u00e9e des statuts<\/strong> : Alors que les statuts \u00e9taient limit\u00e9s \u00e0 trente secondes, il est d\u00e9sormais possible de t\u00e9l\u00e9charger des statuts d&#8217;une dur\u00e9e d\u00e9passant plusieurs heures.<\/li>\n<li><strong>Affichage des messages d&#8217;une seule personne dans les groupes<\/strong> : Une modification a \u00e9t\u00e9 ajout\u00e9e pour afficher uniquement les messages d&#8217;une personne dans les groupes en appuyant sur son nom.<\/li>\n<li><strong>Options de couleur pour les indicateurs de connexion<\/strong> : Des options ont \u00e9t\u00e9 ajout\u00e9es pour personnaliser les couleurs des indicateurs de connexion, accessibles via les ajouts de l&#8217;\u00e9cran principal de l&#8217;application, puis en s\u00e9lectionnant les lignes de texte.<\/li>\n<\/ul>\n<h2><strong>T\u00e9l\u00e9charger WhatsApp Gold contre l&#8217;interdiction et le piratage<\/strong><\/h2>\n<p>Cette version est extr\u00eamement remarquable en termes d&#8217;utilisation, c&#8217;est pourquoi tout le monde veut savoir comment la t\u00e9l\u00e9charger :<\/p>\n<ul>\n<li><strong>T\u00e9l\u00e9chargement via des liens directs<\/strong> : Cette version ne peut \u00eatre t\u00e9l\u00e9charg\u00e9e que via des liens directs, ce qui est la m\u00e9thode la meilleure et la plus rapide car elle est directe et sans aucune publicit\u00e9. Vous pouvez la t\u00e9l\u00e9charger depuis le lien.<\/li>\n<li><strong>Fonctionnalit\u00e9s am\u00e9lior\u00e9es<\/strong> : Cette version a \u00e9t\u00e9 grandement am\u00e9lior\u00e9e dans plusieurs aspects. Il est possible de t\u00e9l\u00e9charger des vid\u00e9os de statut d&#8217;une dur\u00e9e allant jusqu&#8217;\u00e0 une heure. Vous pouvez contr\u00f4ler les personnes qui voient votre statut et \u00e9galement voir les statuts de vos amis sans qu&#8217;ils le sachent. Enfin, vous pouvez recevoir des notifications lorsque quelqu&#8217;un de vos contacts consulte vos statuts.<\/li>\n<\/ul>\n<p>En conclusion de l&#8217;article sur le t\u00e9l\u00e9chargement de WhatsApp Gold, nous avons mieux compris cette application, expliqu\u00e9 tout ce qui la concerne et r\u00e9pondu \u00e0 toutes les questions que les utilisateurs se posent. Nous avons \u00e9galement confirm\u00e9 que tous les d\u00e9fauts des versions pr\u00e9c\u00e9dentes ont \u00e9t\u00e9 corrig\u00e9s et compl\u00e8tement surmont\u00e9s, avec l&#8217;ajout de nouvelles fonctionnalit\u00e9s pour chaque probl\u00e8me existant auparavant.<\/p>\n","protected":false},"excerpt":{"rendered":"<p>telecharger whatsapp dahabi\u00a0 \u2013 Abou Arab sans interdiction, l&#8217;original ancien 2024 WhatsApp Gold pour la messagerie est consid\u00e9r\u00e9 comme l&#8217;une des meilleures versions disponibles \u00e0 notre \u00e9poque. C&#8217;est une version modifi\u00e9e et enrichie de nombreuses fonctionnalit\u00e9s qui r\u00e9pondent aux exigences des utilisateurs. Cette version s&#8217;est r\u00e9pandue tr\u00e8s largement dans le monde entier, car elle est [&hellip;]<\/p>\n","protected":false},"author":1,"featured_media":0,"parent":0,"menu_order":0,"comment_status":"closed","ping_status":"closed","template":"","meta":{"footnotes":""},"class_list":["post-14","page","type-page","status-publish","hentry"],"yoast_head":"<!-- This site is optimized with the Yoast SEO plugin v22.8 - https:\/\/yoast.com\/wordpress\/plugins\/seo\/ -->\n<title>telecharger whatsapp dahabi 2024 - whatsapp gold - whatsapp dahabi<\/title>\n<meta name=\"robots\" content=\"index, follow, max-snippet:-1, max-image-preview:large, max-video-preview:-1\" \/>\n<link rel=\"canonical\" href=\"https:\/\/wagold.drama-slayer.com\/fr\/\" \/>\n<meta property=\"og:locale\" content=\"en_US\" \/>\n<meta property=\"og:type\" content=\"article\" \/>\n<meta property=\"og:title\" content=\"telecharger whatsapp dahabi 2024 - whatsapp gold - whatsapp dahabi\" \/>\n<meta property=\"og:description\" content=\"telecharger whatsapp dahabi\u00a0 \u2013 Abou Arab sans interdiction, l&#8217;original ancien 2024 WhatsApp Gold pour la messagerie est consid\u00e9r\u00e9 comme l&#8217;une des meilleures versions disponibles \u00e0 notre \u00e9poque. C&#8217;est une version modifi\u00e9e et enrichie de nombreuses fonctionnalit\u00e9s qui r\u00e9pondent aux exigences des utilisateurs. Cette version s&#8217;est r\u00e9pandue tr\u00e8s largement dans le monde entier, car elle est [&hellip;]\" \/>\n<meta property=\"og:url\" content=\"https:\/\/wagold.drama-slayer.com\/fr\/\" \/>\n<meta property=\"og:site_name\" content=\"whatsapp dahabi\" \/>\n<meta property=\"article:modified_time\" content=\"2024-05-29T06:59:31+00:00\" \/>\n<meta name=\"twitter:card\" content=\"summary_large_image\" \/>\n<meta name=\"twitter:label1\" content=\"Est. reading time\" \/>\n\t<meta name=\"twitter:data1\" content=\"7 minutes\" \/>\n<!-- \/ Yoast SEO plugin. -->","yoast_head_json":{"title":"telecharger whatsapp dahabi 2024 - whatsapp gold - whatsapp dahabi","robots":{"index":"index","follow":"follow","max-snippet":"max-snippet:-1","max-image-preview":"max-image-preview:large","max-video-preview":"max-video-preview:-1"},"canonical":"https:\/\/wagold.drama-slayer.com\/fr\/","og_locale":"en_US","og_type":"article","og_title":"telecharger whatsapp dahabi 2024 - whatsapp gold - whatsapp dahabi","og_description":"telecharger whatsapp dahabi\u00a0 \u2013 Abou Arab sans interdiction, l&#8217;original ancien 2024 WhatsApp Gold pour la messagerie est consid\u00e9r\u00e9 comme l&#8217;une des meilleures versions disponibles \u00e0 notre \u00e9poque. C&#8217;est une version modifi\u00e9e et enrichie de nombreuses fonctionnalit\u00e9s qui r\u00e9pondent aux exigences des utilisateurs. Cette version s&#8217;est r\u00e9pandue tr\u00e8s largement dans le monde entier, car elle est [&hellip;]","og_url":"https:\/\/wagold.drama-slayer.com\/fr\/","og_site_name":"whatsapp dahabi","article_modified_time":"2024-05-29T06:59:31+00:00","twitter_card":"summary_large_image","twitter_misc":{"Est. reading time":"7 minutes"},"schema":{"@context":"https:\/\/schema.org","@graph":[{"@type":"WebPage","@id":"https:\/\/wagold.drama-slayer.com\/fr\/","url":"https:\/\/wagold.drama-slayer.com\/fr\/","name":"telecharger whatsapp dahabi 2024 - whatsapp gold - whatsapp dahabi","isPartOf":{"@id":"https:\/\/wagold.drama-slayer.com\/fr\/#website"},"datePublished":"2024-05-29T06:53:53+00:00","dateModified":"2024-05-29T06:59:31+00:00","breadcrumb":{"@id":"https:\/\/wagold.drama-slayer.com\/fr\/#breadcrumb"},"inLanguage":"en-US","potentialAction":[{"@type":"ReadAction","target":["https:\/\/wagold.drama-slayer.com\/fr\/"]}]},{"@type":"BreadcrumbList","@id":"https:\/\/wagold.drama-slayer.com\/fr\/#breadcrumb","itemListElement":[{"@type":"ListItem","position":1,"name":"Home","item":"https:\/\/wagold.drama-slayer.com\/fr\/"},{"@type":"ListItem","position":2,"name":"telecharger whatsapp dahabi 2024 &#8211; whatsapp gold"}]},{"@type":"WebSite","@id":"https:\/\/wagold.drama-slayer.com\/fr\/#website","url":"https:\/\/wagold.drama-slayer.com\/fr\/","name":"whatsapp dahabi","description":"","potentialAction":[{"@type":"SearchAction","target":{"@type":"EntryPoint","urlTemplate":"https:\/\/wagold.drama-slayer.com\/fr\/?s={search_term_string}"},"query-input":"required name=search_term_string"}],"inLanguage":"en-US"}]}},"_links":{"self":[{"href":"https:\/\/wagold.drama-slayer.com\/fr\/wp-json\/wp\/v2\/pages\/14","targetHints":{"allow":["GET"]}}],"collection":[{"href":"https:\/\/wagold.drama-slayer.com\/fr\/wp-json\/wp\/v2\/pages"}],"about":[{"href":"https:\/\/wagold.drama-slayer.com\/fr\/wp-json\/wp\/v2\/types\/page"}],"author":[{"embeddable":true,"href":"https:\/\/wagold.drama-slayer.com\/fr\/wp-json\/wp\/v2\/users\/1"}],"replies":[{"embeddable":true,"href":"https:\/\/wagold.drama-slayer.com\/fr\/wp-json\/wp\/v2\/comments?post=14"}],"version-history":[{"count":3,"href":"https:\/\/wagold.drama-slayer.com\/fr\/wp-json\/wp\/v2\/pages\/14\/revisions"}],"predecessor-version":[{"id":18,"href":"https:\/\/wagold.drama-slayer.com\/fr\/wp-json\/wp\/v2\/pages\/14\/revisions\/18"}],"wp:attachment":[{"href":"https:\/\/wagold.drama-slayer.com\/fr\/wp-json\/wp\/v2\/media?parent=14"}],"curies":[{"name":"wp","href":"https:\/\/api.w.org\/{rel}","templated":true}]}}